{"id":2,"date":"2016-05-10T03:48:21","date_gmt":"2016-05-10T03:48:21","guid":{"rendered":"http:\/\/recht-kfz.de\/?page_id=2"},"modified":"2025-04-02T13:14:34","modified_gmt":"2025-04-02T13:14:34","slug":"sample-page","status":"publish","type":"page","link":"https:\/\/recht-kfz.de\/","title":{"rendered":""},"content":{"rendered":"<h1>Hier entsteht die neue Webseite der:<\/h1>\n<p><strong>Elion Rechtsanwalts GmbH<\/strong><br \/>\nVenloer Stra\u00dfe 301\/303<br \/>\n50823 K\u00f6ln<\/p>\n<p><strong>Telefon:<\/strong> 02234-24 07 29-0<br \/>\n<strong>Telefax:<\/strong> 02234-24 07 29-16<\/p>\n<p>info@recht-kfz.de<\/p>\n<p><strong>Gesch\u00e4ftsf\u00fchrer:<\/strong> Herr Rechtsanwalt Alexander Bader<br \/>\n<strong>Handelsregister<\/strong>: Registergericht K\u00f6ln, HRB 80714<br \/>\n<strong>Zust\u00e4ndige Kammer:<\/strong> Die Gesellschaft ist in der Bundesrepublik Deutschland zugelassen und unterliegt der Aufsicht der Rechtsanwaltskammer K\u00f6ln, Riehler Stra\u00dfe 30, 50668 K\u00f6ln<\/p>\n<p><strong>Berufshaftpflichtversicherung<\/strong><\/p>\n<p>HDI-Gerling Firmen und Privat Versicherung<br \/>\nBetrieb Standort K\u00f6ln Firmen<br \/>\nPostfach 10 24 64<br \/>\n50464 K\u00f6ln<\/p>\n","protected":false},"excerpt":{"rendered":"<p>Hier entsteht die neue Webseite der: Elion Rechtsanwalts GmbH Venloer Stra\u00dfe 301\/303 50823 K\u00f6ln Telefon: 02234-24 07 29-0 Telefax: 02234-24 07 29-16 info@recht-kfz.de Gesch\u00e4ftsf\u00fchrer: Herr Rechtsanwalt Alexander Bader Handelsregister: Registergericht K\u00f6ln, HRB 80714 Zust\u00e4ndige Kammer: Die Gesellschaft ist in der Bundesrepublik Deutschland zugelassen und unterliegt der Aufsicht der Rechtsanwaltskammer K\u00f6ln, Riehler Stra\u00dfe 30, 50668 K\u00f6ln &hellip; <\/p>\n<p class=\"link-more\"><a href=\"https:\/\/recht-kfz.de\/\" class=\"more-link\"><span class=\"screen-reader-text\">\u201e\u201c<\/span> weiterlesen<\/a><\/p>\n","protected":false},"author":1,"featured_media":0,"parent":0,"menu_order":0,"comment_status":"closed","ping_status":"open","template":"","meta":[],"_links":{"self":[{"href":"https:\/\/recht-kfz.de\/index.php?rest_route=\/wp\/v2\/pages\/2"}],"collection":[{"href":"https:\/\/recht-kfz.de\/index.php?rest_route=\/wp\/v2\/pages"}],"about":[{"href":"https:\/\/recht-kfz.de\/index.php?rest_route=\/wp\/v2\/types\/page"}],"author":[{"embeddable":true,"href":"https:\/\/recht-kfz.de\/index.php?rest_route=\/wp\/v2\/users\/1"}],"replies":[{"embeddable":true,"href":"https:\/\/recht-kfz.de\/index.php?rest_route=%2Fwp%2Fv2%2Fcomments&post=2"}],"version-history":[{"count":10,"href":"https:\/\/recht-kfz.de\/index.php?rest_route=\/wp\/v2\/pages\/2\/revisions"}],"predecessor-version":[{"id":41,"href":"https:\/\/recht-kfz.de\/index.php?rest_route=\/wp\/v2\/pages\/2\/revisions\/41"}],"wp:attachment":[{"href":"https:\/\/recht-kfz.de\/index.php?rest_route=%2Fwp%2Fv2%2Fmedia&parent=2"}],"curies":[{"name":"wp","href":"https:\/\/api.w.org\/{rel}","templated":true}]}}